{"id":62,"date":"2019-03-02T11:18:40","date_gmt":"2019-03-02T11:18:40","guid":{"rendered":"http:\/\/jucom-pr.de\/?page_id=62"},"modified":"2019-04-14T09:57:05","modified_gmt":"2019-04-14T09:57:05","slug":"pr","status":"publish","type":"page","link":"http:\/\/jucom-pr.de\/?page_id=62","title":{"rendered":"PR"},"content":{"rendered":"<p>Den Bereich Presse bedient JuCom von zwei Seiten:<\/p>\n<p>1. Textarbeit:<br \/>\n&#8211; Redaktionelle Beitr\u00e4ge f\u00fcr Print- und Online-Medien<br \/>\n&#8211; Native Advertising-Texte<br \/>\n&#8211; Werbe-, Marketing und Image-Texte<br \/>\n&#8211; \u00dcbersetzungen deutsch-englisch \/ englisch-deutsch<\/p>\n<p>2. PR-Arbeit:<br \/>\nJuCom ber\u00e4t und unterst\u00fctzt Kunden aller Art bei der Pressearbeit. Ob f\u00fcr ein junges Start-Up, das sich einen Namen machen will oder ein etabliertes mittelst\u00e4ndisches Unternehmen, das die Bedeutung einer strategischen Pr\u00e4senz in den Medien erkannt hat, bietet JuCom den passenden Ansatz. Dazu geh\u00f6rt:<\/p>\n<p>&#8211; Erarbeitung und Verbreitung von presserelevantem Content an einen geeigneten Presseverteiler<\/p>\n<p>&#8211; Erarbeitung und Organisation von Veranstaltungskonzepten mit Presserelevanz, inklusive Einladungsmanagement VIP und Presse, Akquise potentieller Partner und Sponsoren, sowie Versand von Pressematerialien und Follow-Up nach dem Event<\/p>\n","protected":false},"excerpt":{"rendered":"<p>Den Bereich Presse bedient JuCom von zwei Seiten: 1. Textarbeit: &#8211; Redaktionelle Beitr\u00e4ge f\u00fcr Print- und Online-Medien &#8211; Native Advertising-Texte &#8211; Werbe-, Marketing und Image-Texte &#8211; \u00dcbersetzungen deutsch-englisch \/ englisch-deutsch 2. PR-Arbeit: JuCom ber\u00e4t und unterst\u00fctzt Kunden aller Art bei der Pressearbeit. Ob f\u00fcr ein junges Start-Up, das sich einen Namen machen will oder ein &hellip; <\/p>\n<p class=\"link-more\"><a href=\"http:\/\/jucom-pr.de\/?page_id=62\" class=\"more-link\"><span class=\"screen-reader-text\">\u201ePR\u201c <\/span>weiterlesen<\/a><\/p>\n","protected":false},"author":1,"featured_media":41,"parent":0,"menu_order":0,"comment_status":"closed","ping_status":"closed","template":"","meta":{"footnotes":""},"class_list":["post-62","page","type-page","status-publish","has-post-thumbnail","hentry"],"_links":{"self":[{"href":"http:\/\/jucom-pr.de\/index.php?rest_route=\/wp\/v2\/pages\/62","targetHints":{"allow":["GET"]}}],"collection":[{"href":"http:\/\/jucom-pr.de\/index.php?rest_route=\/wp\/v2\/pages"}],"about":[{"href":"http:\/\/jucom-pr.de\/index.php?rest_route=\/wp\/v2\/types\/page"}],"author":[{"embeddable":true,"href":"http:\/\/jucom-pr.de\/index.php?rest_route=\/wp\/v2\/users\/1"}],"replies":[{"embeddable":true,"href":"http:\/\/jucom-pr.de\/index.php?rest_route=%2Fwp%2Fv2%2Fcomments&post=62"}],"version-history":[{"count":4,"href":"http:\/\/jucom-pr.de\/index.php?rest_route=\/wp\/v2\/pages\/62\/revisions"}],"predecessor-version":[{"id":100,"href":"http:\/\/jucom-pr.de\/index.php?rest_route=\/wp\/v2\/pages\/62\/revisions\/100"}],"wp:featuredmedia":[{"embeddable":true,"href":"http:\/\/jucom-pr.de\/index.php?rest_route=\/wp\/v2\/media\/41"}],"wp:attachment":[{"href":"http:\/\/jucom-pr.de\/index.php?rest_route=%2Fwp%2Fv2%2Fmedia&parent=62"}],"curies":[{"name":"wp","href":"https:\/\/api.w.org\/{rel}","templated":true}]}}