{"id":64,"date":"2019-03-02T11:23:44","date_gmt":"2019-03-02T11:23:44","guid":{"rendered":"http:\/\/jucom-pr.de\/?page_id=64"},"modified":"2019-03-08T11:43:28","modified_gmt":"2019-03-08T11:43:28","slug":"management","status":"publish","type":"page","link":"http:\/\/jucom-pr.de\/?page_id=64","title":{"rendered":"Management"},"content":{"rendered":"<p>Das gro\u00dfe Netzwerk von JuCom in der Presse- und Medienwelt ist besonders f\u00fcr aufstrebende K\u00fcnstler h\u00f6chst wertvoll. JuCom unterst\u00fctzt den Klienten bei der Entwicklung, Konzeption und F\u00f6rderung der Karriere durch<\/p>\n<p>&#8211; Das Herstellen von Kontakten zu geeigneten Partnern, Kunden und Medien<\/p>\n<p>&#8211; Die Vorbereitung, Beratung und Vermittlung von Sponsorings, Partnerschaften und Auftr\u00e4gen<\/p>\n<p>&#8211; Die Planung und Durchf\u00fchrung spezifizierter Promotion-Aktionen, die der Imagepflege des K\u00fcnstlers und der Popularisierung seines Namens dienen<\/p>\n<p>&#8211; Die Initiierung von Presseberichten sowie Betreuung und Organisation von Interview- und Fototerminen<\/p>\n<p>&#8211; Den Aufbau und die Weiterentwicklung der Social Media- und Online-Pr\u00e4senz<\/p>\n<p>&#8211; Die Vermittlung und Abwicklung von Social Media-Kooperationen<\/p>\n","protected":false},"excerpt":{"rendered":"<p>Das gro\u00dfe Netzwerk von JuCom in der Presse- und Medienwelt ist besonders f\u00fcr aufstrebende K\u00fcnstler h\u00f6chst wertvoll. JuCom unterst\u00fctzt den Klienten bei der Entwicklung, Konzeption und F\u00f6rderung der Karriere durch &#8211; Das Herstellen von Kontakten zu geeigneten Partnern, Kunden und Medien &#8211; Die Vorbereitung, Beratung und Vermittlung von Sponsorings, Partnerschaften und Auftr\u00e4gen &#8211; Die Planung &hellip; <\/p>\n<p class=\"link-more\"><a href=\"http:\/\/jucom-pr.de\/?page_id=64\" class=\"more-link\"><span class=\"screen-reader-text\">\u201eManagement\u201c <\/span>weiterlesen<\/a><\/p>\n","protected":false},"author":1,"featured_media":40,"parent":0,"menu_order":0,"comment_status":"closed","ping_status":"closed","template":"","meta":{"footnotes":""},"class_list":["post-64","page","type-page","status-publish","has-post-thumbnail","hentry"],"_links":{"self":[{"href":"http:\/\/jucom-pr.de\/index.php?rest_route=\/wp\/v2\/pages\/64","targetHints":{"allow":["GET"]}}],"collection":[{"href":"http:\/\/jucom-pr.de\/index.php?rest_route=\/wp\/v2\/pages"}],"about":[{"href":"http:\/\/jucom-pr.de\/index.php?rest_route=\/wp\/v2\/types\/page"}],"author":[{"embeddable":true,"href":"http:\/\/jucom-pr.de\/index.php?rest_route=\/wp\/v2\/users\/1"}],"replies":[{"embeddable":true,"href":"http:\/\/jucom-pr.de\/index.php?rest_route=%2Fwp%2Fv2%2Fcomments&post=64"}],"version-history":[{"count":5,"href":"http:\/\/jucom-pr.de\/index.php?rest_route=\/wp\/v2\/pages\/64\/revisions"}],"predecessor-version":[{"id":95,"href":"http:\/\/jucom-pr.de\/index.php?rest_route=\/wp\/v2\/pages\/64\/revisions\/95"}],"wp:featuredmedia":[{"embeddable":true,"href":"http:\/\/jucom-pr.de\/index.php?rest_route=\/wp\/v2\/media\/40"}],"wp:attachment":[{"href":"http:\/\/jucom-pr.de\/index.php?rest_route=%2Fwp%2Fv2%2Fmedia&parent=64"}],"curies":[{"name":"wp","href":"https:\/\/api.w.org\/{rel}","templated":true}]}}